{"id":123,"date":"2022-04-08T22:06:53","date_gmt":"2022-04-08T22:06:53","guid":{"rendered":"https:\/\/hunziken.ch\/?page_id=123"},"modified":"2024-12-29T12:29:45","modified_gmt":"2024-12-29T12:29:45","slug":"hunziken-in-den-medien","status":"publish","type":"page","link":"https:\/\/hunziken.ch\/?page_id=123","title":{"rendered":"Druck &amp; Screen"},"content":{"rendered":"\n<p>2022.04.06 <a href=\"https:\/\/www.bielertagblatt.ch\/ein-neues-kapitel-im-tagebuch-von-george\">https:\/\/www.bielertagblatt.ch\/ein-neues-kapitel-im-tagebuch-von-george<\/a><\/p>\n\n\n\n<p>2022.02.01 <a href=\"https:\/\/baernerbaer.ch\/kultur\/tamara-l-thompson-macht-aus-plastik-popkultur\/\">B\u00e4rnerb\u00e4r: Sie macht aus Plastik Popkultur<\/a><\/p>\n\n\n\n<p>2021.07.21 <a href=\"https:\/\/www.bern-ost.ch\/Muehle-Hunziken-Statt-Sommerpause-wird-die-Wiese-gerockt-641936\">Verein Knush baut B\u00fchne am Teich f\u00fcr Konzertsommer mit M\u00fchle Hunziken<\/a> <\/p>\n\n\n\n<p>2021.07.01 <a href=\"https:\/\/www.facebook.com\/photo\/?fbid=336982277934872&amp;set=a.109991547300614\">Local Hero: Verein Knush in die &#171;Hall of Heroes&#187; gew\u00e4hlt<\/a> (<a href=\"https:\/\/hunziken.ch\/wp-content\/uploads\/2024\/12\/2021.07.07-Local-Hero-Verein-KNUSH.pdf\" data-type=\"attachment\" data-id=\"153\">Art. als PDF)<\/a><\/p>\n\n\n\n<p>2021.06.21 <a href=\"https:\/\/www.bernerzeitung.ch\/so-viel-heisse-luft-macht-mich-krank-355648682083\">Berner Zeitung: Ein epischer Streit in<\/a> <a href=\"https:\/\/www.bernerzeitung.ch\/so-viel-heisse-luft-macht-mich-krank-355648682083\" data-type=\"URL\" data-id=\"https:\/\/www.bernerzeitung.ch\/so-viel-heisse-luft-macht-mich-krank-355648682083\">Zitaten<\/a><\/p>\n\n\n\n<p>2020.06.20<a href=\"https:\/\/www.jungfrauzeitung.ch\/artikel\/182612\/\"> Jungfrau Zeitung: Matthias Mast im Beizen-Gespr\u00e4ch in der M\u00fchle Hunziken<\/a><\/p>\n\n\n\n<p>2019.04.27 <a href=\"https:\/\/www.solothurnerzeitung.ch\/solothurn\/kanton-solothurn\/solothurner-wird-neuer-leiter-der-muhle-hunziken-das-war-immer-schon-ein-besonderer-ort-fur-mich-ld.1359294\">Solothurner Zeitung: Solothurner wird neuer Leiter der M\u00fchle Hunziken<\/a><\/p>\n\n\n\n<p>2018.06.23 <a href=\"https:\/\/www.bernerzeitung.ch\/region\/bern\/im-garten-hinter-der-muehle\/story\/29392101\">Berner Zeitung: Im Garten hinter der M\u00fchle<\/a><\/p>\n\n\n\n<p>2016.01.06 <a href=\"https:\/\/www.bern-ost.ch\/Hunzikengut-Rubigen-Zeit-der-grossen-Plaene-ist-vorbei-83565\">Berner Zeitung\/Bern-Ost zum Ableben von Werner Sidler &#171;Die Zeit der grossen Pl\u00e4ne ist vorbei&#187;<\/a> <\/p>\n\n\n\n<p>2014.12.26 <a href=\"https:\/\/www.20min.ch\/story\/berner-legende-pesche-burkhart-gestorben-878403513634\">20Min: Berner Legende Pesche Burkhart gestorben<\/a><\/p>\n\n\n\n<p>2014.12.17 <a href=\"https:\/\/www.persoenlich.com\/gesellschaft\/muehle-hunziken-wechselt-besitzer-und-betreiber-321989\">persoenlich.com: M\u00fchle Hunziken wechselt Besitzer und Betreiber<\/a><\/p>\n\n\n\n<p>2014.12.06 <a href=\"https:\/\/www.derbund.ch\/bern\/region\/muehle-hunziken-wird-fuer-rund-drei-millionen-franken-verkauft-\/story\/19593364\">Der Bund:  M\u00fchle Hunziken wird f\u00fcr rund drei Millionen Franken verkauft<\/a><\/p>\n","protected":false},"excerpt":{"rendered":"<p>2022.04.06 https:\/\/www.bielertagblatt.ch\/ein-neues-kapitel-im-tagebuch-von-george 2022.02.01 B\u00e4rnerb\u00e4r: Sie macht aus Plastik Popkultur 2021.07.21 Verein Knush baut B\u00fchne am Teich f\u00fcr Konzertsommer mit M\u00fchle Hunziken 2021.07.01 Local Hero: Verein Knush in die &#171;Hall of Heroes&#187; gew\u00e4hlt (Art. als PDF) 2021.06.21 Berner Zeitung: Ein epischer Streit in Zitaten 2020.06.20 Jungfrau Zeitung: Matthias Mast im Beizen-Gespr\u00e4ch in der M\u00fchle Hunziken 2019.04.27 [&hellip;]<\/p>\n","protected":false},"author":1,"featured_media":0,"parent":0,"menu_order":0,"comment_status":"closed","ping_status":"closed","template":"","meta":{"footnotes":""},"class_list":["post-123","page","type-page","status-publish","hentry"],"_links":{"self":[{"href":"https:\/\/hunziken.ch\/index.php?rest_route=\/wp\/v2\/pages\/123","targetHints":{"allow":["GET"]}}],"collection":[{"href":"https:\/\/hunziken.ch\/index.php?rest_route=\/wp\/v2\/pages"}],"about":[{"href":"https:\/\/hunziken.ch\/index.php?rest_route=\/wp\/v2\/types\/page"}],"author":[{"embeddable":true,"href":"https:\/\/hunziken.ch\/index.php?rest_route=\/wp\/v2\/users\/1"}],"replies":[{"embeddable":true,"href":"https:\/\/hunziken.ch\/index.php?rest_route=%2Fwp%2Fv2%2Fcomments&post=123"}],"version-history":[{"count":18,"href":"https:\/\/hunziken.ch\/index.php?rest_route=\/wp\/v2\/pages\/123\/revisions"}],"predecessor-version":[{"id":164,"href":"https:\/\/hunziken.ch\/index.php?rest_route=\/wp\/v2\/pages\/123\/revisions\/164"}],"wp:attachment":[{"href":"https:\/\/hunziken.ch\/index.php?rest_route=%2Fwp%2Fv2%2Fmedia&parent=123"}],"curies":[{"name":"wp","href":"https:\/\/api.w.org\/{rel}","templated":true}]}}