{"id":8,"date":"2020-07-26T13:33:11","date_gmt":"2020-07-26T13:33:11","guid":{"rendered":"https:\/\/hunziken.ch\/?page_id=8"},"modified":"2024-12-29T12:24:16","modified_gmt":"2024-12-29T12:24:16","slug":"kontakt","status":"publish","type":"page","link":"https:\/\/hunziken.ch\/?page_id=8","title":{"rendered":"Kontakt"},"content":{"rendered":"\n<p>Personen, Vereine, Stiftungen und Gesellschaften von Hunziken erreichen Sie \u00fcber die jeweiligen Webseiten. Die wichtigsten Hunziker Pers\u00f6nlichkeiten der letzten 100 Jahre &#8211; wie Werner Sidler, Peter &#171;M\u00fchli Pesce&#187; Burkhart oder Klaus Imberg &#8211; erreichen Sie leider nicht mehr \u00fcber bekannte Kan\u00e4le &#8211; k\u00f6nnen sie jedoch in bestem Andenken behalten. Und ihrer bei den ihrem Andenken gepflanzten B\u00e4umen gedenken.<\/p>\n\n\n\n<p><strong>Dr. Werner Sidler Stiftung<\/strong><br><a href=\"https:\/\/dwss.ch\">https:\/\/dwss.ch<\/a><\/p>\n\n\n\n<p><strong>M\u00fchle Hunziken<\/strong><br><a href=\"https:\/\/muehlehunziken.ch\">https:\/\/muehlehunziken.ch<\/a><\/p>\n\n\n\n<p><strong>NATUR HUNZIKEN<\/strong><br><a href=\"https:\/\/hunziken.ppnature.org\/\">https:\/\/hunziken.ppnature.org\/<\/a><\/p>\n\n\n\n<p><strong>Tamara L. Thompson<\/strong><br><a href=\"https:\/\/www.tamaralthompson.com\/\">https:\/\/www.tamaralthompson.com\/<\/a><\/p>\n\n\n\n<p><strong>Pingwin Planet<\/strong><br><a href=\"https:\/\/pingwinplanet.ch\">https:\/\/pingwinplanet.ch<\/a><\/p>\n\n\n\n<p><strong>Verein KNUSH<\/strong> \/ <strong>f\u00f6rderverein knush<\/strong><br><a href=\"https:\/\/knush.ch\/\">https:\/\/knush.ch\/<\/a><\/p>\n\n\n\n<p><strong>B\u00fchne am Teich<\/strong><br><a href=\"https:\/\/buehneamteich.ch\/\">https:\/\/buehneamteich.ch\/<\/a><\/p>\n\n\n\n<p><\/p>\n","protected":false},"excerpt":{"rendered":"<p>Personen, Vereine, Stiftungen und Gesellschaften von Hunziken erreichen Sie \u00fcber die jeweiligen Webseiten. Die wichtigsten Hunziker Pers\u00f6nlichkeiten der letzten 100 Jahre &#8211; wie Werner Sidler, Peter &#171;M\u00fchli Pesce&#187; Burkhart oder Klaus Imberg &#8211; erreichen Sie leider nicht mehr \u00fcber bekannte Kan\u00e4le &#8211; k\u00f6nnen sie jedoch in bestem Andenken behalten. Und ihrer bei den ihrem Andenken [&hellip;]<\/p>\n","protected":false},"author":1,"featured_media":0,"parent":0,"menu_order":0,"comment_status":"closed","ping_status":"closed","template":"","meta":{"footnotes":""},"class_list":["post-8","page","type-page","status-publish","hentry"],"_links":{"self":[{"href":"https:\/\/hunziken.ch\/index.php?rest_route=\/wp\/v2\/pages\/8","targetHints":{"allow":["GET"]}}],"collection":[{"href":"https:\/\/hunziken.ch\/index.php?rest_route=\/wp\/v2\/pages"}],"about":[{"href":"https:\/\/hunziken.ch\/index.php?rest_route=\/wp\/v2\/types\/page"}],"author":[{"embeddable":true,"href":"https:\/\/hunziken.ch\/index.php?rest_route=\/wp\/v2\/users\/1"}],"replies":[{"embeddable":true,"href":"https:\/\/hunziken.ch\/index.php?rest_route=%2Fwp%2Fv2%2Fcomments&post=8"}],"version-history":[{"count":13,"href":"https:\/\/hunziken.ch\/index.php?rest_route=\/wp\/v2\/pages\/8\/revisions"}],"predecessor-version":[{"id":163,"href":"https:\/\/hunziken.ch\/index.php?rest_route=\/wp\/v2\/pages\/8\/revisions\/163"}],"wp:attachment":[{"href":"https:\/\/hunziken.ch\/index.php?rest_route=%2Fwp%2Fv2%2Fmedia&parent=8"}],"curies":[{"name":"wp","href":"https:\/\/api.w.org\/{rel}","templated":true}]}}